{"id":19,"date":"2015-09-18T14:27:27","date_gmt":"2015-09-18T12:27:27","guid":{"rendered":"http:\/\/jaw-music.de\/?page_id=19"},"modified":"2021-10-28T19:31:41","modified_gmt":"2021-10-28T17:31:41","slug":"band","status":"publish","type":"page","link":"http:\/\/jaw-music.de\/","title":{"rendered":"\u00dcber uns"},"content":{"rendered":"<p style=\"text-align: center;\"><img loading=\"lazy\" class=\"aligncenter size-large wp-image-637\" src=\"http:\/\/jaw-music.de\/wp-content\/uploads\/2021\/09\/P1022340-1024x577.jpeg\" alt=\"\" width=\"474\" height=\"267\" srcset=\"http:\/\/jaw-music.de\/wp-content\/uploads\/2021\/09\/P1022340-1024x577.jpeg 1024w, http:\/\/jaw-music.de\/wp-content\/uploads\/2021\/09\/P1022340-300x169.jpeg 300w, http:\/\/jaw-music.de\/wp-content\/uploads\/2021\/09\/P1022340-768x433.jpeg 768w, http:\/\/jaw-music.de\/wp-content\/uploads\/2021\/09\/P1022340-1536x865.jpeg 1536w, http:\/\/jaw-music.de\/wp-content\/uploads\/2021\/09\/P1022340-2048x1154.jpeg 2048w\" sizes=\"(max-width: 474px) 100vw, 474px\" \/><em><span style=\"color: #800000;\">J.A.W. &#8211; Das unplugged-Geschwisterduo aus dem Norden.<\/span><\/em><\/p>\n<p>Seit unseren ersten &#8222;J.A.W.&#8220;-Proben im heimischen Musikkeller hat sich bei uns viel getan: unser Repertoire ver\u00e4nderte und erweiterte sich stetig, verschiedene Musiker*innen inspirierten und\/oder begleiteten uns auf unserem Weg, diverse Auftritte verschafften uns Live-Erfahrungen, eigene Songideen wurden entwickelt und verwirklicht&#8230;<\/p>\n<p>Doch eines ist und bleibt seit unseren ersten gemeinsamen T\u00f6nen unver\u00e4ndert: unsere gro\u00dfe Leidenschaft f\u00fcr die Musik und die unglaubliche Harmonie beim Musizieren unter Geschwistern. Das Herzst\u00fcck der Band &#8222;J.A.W.&#8220; sind wir: Josie (E-Piano &amp; Gesang) und Aaron (Schlagzeug\/Cajon, Gitarre &amp; Gesang).<\/p>\n<h5>Hier geht es zu unseren aktiven Musikprojekten:<\/h5>\n\n\n<div class=\"wp-container-9 wp-block-columns\">\n<div class=\"wp-container-8 wp-block-column\" style=\"flex-basis:100%\">\n<div class=\"wp-container-7 wp-block-columns\">\n<div class=\"wp-container-1 wp-block-column\" style=\"flex-basis:25%\">\n<figure class=\"wp-block-image size-large\"><a href=\"http:\/\/jaw-music.de\/wp-content\/uploads\/2021\/09\/JAW-11-08-2012-6-scaled.jpg\"><img loading=\"lazy\" width=\"683\" height=\"1024\" src=\"http:\/\/jaw-music.de\/wp-content\/uploads\/2021\/09\/JAW-11-08-2012-6-683x1024.jpg\" alt=\"\" class=\"wp-image-651\" srcset=\"http:\/\/jaw-music.de\/wp-content\/uploads\/2021\/09\/JAW-11-08-2012-6-683x1024.jpg 683w, http:\/\/jaw-music.de\/wp-content\/uploads\/2021\/09\/JAW-11-08-2012-6-200x300.jpg 200w, http:\/\/jaw-music.de\/wp-content\/uploads\/2021\/09\/JAW-11-08-2012-6-768x1152.jpg 768w, http:\/\/jaw-music.de\/wp-content\/uploads\/2021\/09\/JAW-11-08-2012-6-1024x1536.jpg 1024w, http:\/\/jaw-music.de\/wp-content\/uploads\/2021\/09\/JAW-11-08-2012-6-1365x2048.jpg 1365w, http:\/\/jaw-music.de\/wp-content\/uploads\/2021\/09\/JAW-11-08-2012-6-scaled.jpg 1706w\" sizes=\"(max-width: 683px) 100vw, 683px\" \/><\/a><figcaption><a href=\"http:\/\/jaw-music.de\/?page_id=666\" data-type=\"URL\" data-id=\"http:\/\/jaw-music.de\/?page_id=666\">Aaron Wickers<\/a><\/figcaption><\/figure>\n<\/div>\n\n\n\n<div class=\"wp-container-5 wp-block-column\" style=\"flex-basis:50%\">\n<div class=\"wp-container-4 wp-block-columns\">\n<div class=\"wp-container-3 wp-block-column\" style=\"flex-basis:100%\">\n<div class=\"wp-container-2 wp-block-group\"><div class=\"wp-block-group__inner-container\">\n<figure class=\"wp-block-image size-large\"><a href=\"http:\/\/jaw-music.de\/wp-content\/uploads\/2021\/10\/IMG_1460-scaled.jpg\" rel=\"http:\/\/jaw-music.de\/?page_id=661\"><img loading=\"lazy\" width=\"1024\" height=\"768\" src=\"http:\/\/jaw-music.de\/wp-content\/uploads\/2021\/10\/IMG_1460-1024x768.jpg\" alt=\"\" class=\"wp-image-806\" srcset=\"http:\/\/jaw-music.de\/wp-content\/uploads\/2021\/10\/IMG_1460-1024x768.jpg 1024w, http:\/\/jaw-music.de\/wp-content\/uploads\/2021\/10\/IMG_1460-300x225.jpg 300w, http:\/\/jaw-music.de\/wp-content\/uploads\/2021\/10\/IMG_1460-768x576.jpg 768w, http:\/\/jaw-music.de\/wp-content\/uploads\/2021\/10\/IMG_1460-1536x1152.jpg 1536w, http:\/\/jaw-music.de\/wp-content\/uploads\/2021\/10\/IMG_1460-2048x1536.jpg 2048w\" sizes=\"(max-width: 1024px) 100vw, 1024px\" \/><\/a><figcaption>&#8222;<a href=\"http:\/\/jaw-music.de\/?page_id=661\" data-type=\"URL\" data-id=\"http:\/\/jaw-music.de\/?page_id=661\">J.A.W.&#8220; acoustic covers<\/a><\/figcaption><\/figure>\n<\/div><\/div>\n<\/div>\n<\/div>\n<\/div>\n\n\n\n<div class=\"wp-container-6 wp-block-column\" style=\"flex-basis:25%\">\n<figure class=\"wp-block-image size-large\"><a href=\"http:\/\/jaw-music.de\/wp-content\/uploads\/2021\/09\/IMG_3332.jpg\"><img loading=\"lazy\" width=\"1024\" height=\"655\" src=\"http:\/\/jaw-music.de\/wp-content\/uploads\/2021\/09\/IMG_3332-1024x655.jpg\" alt=\"\" class=\"wp-image-650\" srcset=\"http:\/\/jaw-music.de\/wp-content\/uploads\/2021\/09\/IMG_3332-1024x655.jpg 1024w, http:\/\/jaw-music.de\/wp-content\/uploads\/2021\/09\/IMG_3332-300x192.jpg 300w, http:\/\/jaw-music.de\/wp-content\/uploads\/2021\/09\/IMG_3332-768x491.jpg 768w, http:\/\/jaw-music.de\/wp-content\/uploads\/2021\/09\/IMG_3332-1536x983.jpg 1536w, http:\/\/jaw-music.de\/wp-content\/uploads\/2021\/09\/IMG_3332-2048x1311.jpg 2048w\" sizes=\"(max-width: 1024px) 100vw, 1024px\" \/><\/a><figcaption><a href=\"http:\/\/jaw-music.de\/?page_id=664\" data-type=\"URL\" data-id=\"http:\/\/jaw-music.de\/?page_id=664\">&#8222;Two Hardts&#8220; piano &amp; drums<\/a><\/figcaption><\/figure>\n<\/div>\n<\/div>\n<\/div>\n<\/div>\n\n\n\n<p><\/p>\n","protected":false},"excerpt":{"rendered":"<p>J.A.W. &#8211; Das unplugged-Geschwisterduo aus dem Norden. Seit unseren ersten &#8222;J.A.W.&#8220;-Proben im heimischen Musikkeller hat sich bei uns viel getan: unser Repertoire ver\u00e4nderte und erweiterte sich stetig, verschiedene Musiker*innen inspirierten und\/oder begleiteten uns auf unserem Weg, diverse Auftritte verschafften uns Live-Erfahrungen, eigene Songideen wurden entwickelt und verwirklicht&#8230; Doch eines ist und bleibt seit unseren ersten &hellip; <a href=\"http:\/\/jaw-music.de\/\" class=\"more-link\"><span class=\"screen-reader-text\">\u00dcber uns<\/span> weiterlesen <span class=\"meta-nav\">&rarr;<\/span><\/a><\/p>\n","protected":false},"author":2,"featured_media":0,"parent":0,"menu_order":0,"comment_status":"closed","ping_status":"closed","template":"","meta":{"ngg_post_thumbnail":0},"_links":{"self":[{"href":"http:\/\/jaw-music.de\/index.php?rest_route=\/wp\/v2\/pages\/19"}],"collection":[{"href":"http:\/\/jaw-music.de\/index.php?rest_route=\/wp\/v2\/pages"}],"about":[{"href":"http:\/\/jaw-music.de\/index.php?rest_route=\/wp\/v2\/types\/page"}],"author":[{"embeddable":true,"href":"http:\/\/jaw-music.de\/index.php?rest_route=\/wp\/v2\/users\/2"}],"replies":[{"embeddable":true,"href":"http:\/\/jaw-music.de\/index.php?rest_route=%2Fwp%2Fv2%2Fcomments&post=19"}],"version-history":[{"count":17,"href":"http:\/\/jaw-music.de\/index.php?rest_route=\/wp\/v2\/pages\/19\/revisions"}],"predecessor-version":[{"id":808,"href":"http:\/\/jaw-music.de\/index.php?rest_route=\/wp\/v2\/pages\/19\/revisions\/808"}],"wp:attachment":[{"href":"http:\/\/jaw-music.de\/index.php?rest_route=%2Fwp%2Fv2%2Fmedia&parent=19"}],"curies":[{"name":"wp","href":"https:\/\/api.w.org\/{rel}","templated":true}]}}