{"id":24,"date":"2015-09-18T15:45:58","date_gmt":"2015-09-18T13:45:58","guid":{"rendered":"http:\/\/jaw-music.de\/?page_id=24"},"modified":"2021-09-28T19:27:47","modified_gmt":"2021-09-28T17:27:47","slug":"playlist","status":"publish","type":"page","link":"http:\/\/jaw-music.de\/?page_id=24","title":{"rendered":"Cover-Repertoire"},"content":{"rendered":"\n<p>Wir erf\u00fcllen gerne f\u00fcr Ihre Veranstaltung individuelle Songw\u00fcnsche. Ansonsten umfasst unser sich stetig erweiterndes Cover-Repertoire derzeit folgende Songs (in alphabetischer Reihenfolge):<\/p>\n\n\n\n<figure class=\"wp-block-table\"><table><tbody><tr><td>1A<\/td><td>Alexa Feser<\/td><\/tr><tr><td>7 years<\/td><td>Lukas Graham<\/td><\/tr><tr><td>48 Stunden<\/td><td>Kettcar<\/td><\/tr><tr><td>1000 und eine Nacht<\/td><td>Klaus Lage<\/td><\/tr><tr><td>Achterbahn<\/td><td>Helene Fischer<\/td><\/tr><tr><td>A horse with no name<\/td><td>America<\/td><\/tr><tr><td>Alles rot<\/td><td>Silly<\/td><\/tr><tr><td>All I wanna do is make love to you<\/td><td>Heart<\/td><\/tr><tr><td>Alone<\/td><td>Heart<\/td><\/tr><tr><td>American Pie<\/td><td>Don McLean<\/td><\/tr><tr><td>Am Wasser<\/td><td>Jeden Tag Silvester<\/td><\/tr><tr><td>An der Nordseek\u00fcste<\/td><td>Klaus und Klaus<\/td><\/tr><tr><td>Ankunftshalle<\/td><td>Kettcar<\/td><\/tr><tr><td>A-Team<\/td><td>Ed Sheeran<\/td><\/tr><tr><td>Atemlos<\/td><td>Helene Fischer<\/td><\/tr><tr><td>Atmen<\/td><td>Jupiter Jones<\/td><\/tr><tr><td>A thousand miles<\/td><td>Vanessa Carlton<\/td><\/tr><tr><td>A thousand years<\/td><td>Christina Perri<\/td><\/tr><tr><td>Auf uns<\/td><td>Andreas Bourani<\/td><\/tr><tr><td>Aur\u00e9lie<\/td><td>Wir sind Helden<\/td><\/tr><tr><td>Bad habits<\/td><td>Ed Sheeran<\/td><\/tr><tr><td>Beth<\/td><td>Kiss<\/td><\/tr><tr><td>Blinding lights<\/td><td>The Weeknd<\/td><\/tr><tr><td>Breakeven<\/td><td>The Script<\/td><\/tr><tr><td>Breakfast at Tiffany&#8217;s<\/td><td>Deep blue something<\/td><\/tr><tr><td>Budapest<\/td><td>George Ezra<\/td><\/tr><tr><td>Castle on the hill<\/td><td>Ed Sheeran<\/td><\/tr><tr><td>Chicago<\/td><td>Clueso<\/td><\/tr><tr><td>Complicated<\/td><td>Avril Lavigne<\/td><\/tr><tr><td>Dancin&#8216; in the moonlight<\/td><td>Toploader<\/td><\/tr><tr><td>Dear Maria<\/td><td>All Time Low<\/td><\/tr><tr><td>Dear Mr. President<\/td><td>Pink<\/td><\/tr><tr><td>Dein ist mein ganzes Herz<\/td><td>Heinz Rudolf Kunze<\/td><\/tr><tr><td>Der Wein von Mykonos<\/td><td>EAV<\/td><\/tr><tr><td>Die Nacht<\/td><td>Bosse<\/td><\/tr><tr><td>Don&#8217;t<\/td><td>Ed Sheeran<\/td><\/tr><tr><td>Don&#8217;t look back in anger<\/td><td>Oasis<\/td><\/tr><tr><td>Don&#8217;t stop<\/td><td>Fleetwood Mac<\/td><\/tr><tr><td>Don&#8217;t stop believin&#8216;<\/td><td>Journey<\/td><\/tr><tr><td>Do they know it&#8217;s Christmas?<\/td><td>Band Aid<\/td><\/tr><tr><td>Ein Bett im Kornfeld<\/td><td>J\u00fcrgen Drews<\/td><\/tr><tr><td>Einmal<\/td><td>Mark Forster<\/td><\/tr><tr><td>Eisberg<\/td><td>Andreas Bourani<\/td><\/tr><tr><td>Eiserner Steg<\/td><td>Philipp Poisel<\/td><\/tr><tr><td>Elektrisches Gef\u00fchl<\/td><td>Juli<\/td><\/tr><tr><td>Eye of the tiger<\/td><td>Survivor<\/td><\/tr><tr><td>Fairytale gone bad<\/td><td>Sunrise Avenue<\/td><\/tr><tr><td>Fairytale of New York<\/td><td>The Pogues<\/td><\/tr><tr><td>Free fallin&#8216;<\/td><td>Tom Petty<\/td><\/tr><tr><td>Galway girl<\/td><td>Ed Sheeran<\/td><\/tr><tr><td>Geile Zeit<\/td><td>Juli<\/td><\/tr><tr><td>Get me right<\/td><td>Dashboard Confessionnel<\/td><\/tr><tr><td>Gewinner<\/td><td>Clueso<\/td><\/tr><tr><td>Gl\u00fcck<\/td><td>Alexa Feser<\/td><\/tr><tr><td>Go your own way<\/td><td>Fleetwood Mac<\/td><\/tr><tr><td>Griechischer Wein<\/td><td>Udo J\u00fcrgens<\/td><\/tr><tr><td>Grow old with you<\/td><td>The Wedding Singer<\/td><\/tr><tr><td>Hallelujah<\/td><td>Jeff Buckley<\/td><\/tr><tr><td>Have I told you lately<\/td><td>Rod Stewart<\/td><\/tr><tr><td>Here with me<\/td><td>Marshmello<\/td><\/tr><tr><td>Here without you<\/td><td>3 doors down<\/td><\/tr><tr><td>Hey there, Delilah<\/td><td>Plain White T&#8217;s<\/td><\/tr><tr><td>High hopes<\/td><td>Panic at the Disco!<\/td><\/tr><tr><td>Hold back the river<\/td><td>James Bay<\/td><\/tr><tr><td>Holes<\/td><td>Passenger<\/td><\/tr><tr><td>Holy<\/td><td>Florida Georgia Line<\/td><\/tr><tr><td>How to save a life<\/td><td>The Fray<\/td><\/tr><tr><td>How you remind me<\/td><td>Nickelback<\/td><\/tr><tr><td>Hulapalu<\/td><td>Andreas Gabalier<\/td><\/tr><tr><td>Ich bereue nichts<\/td><td>Bosse<\/td><\/tr><tr><td>Ich bin ich<\/td><td>Rosenstolz<\/td><\/tr><tr><td>Ich geh&#8216; in Flammen auf<\/td><td>Rosenstolz<\/td><\/tr><tr><td>IDGAF<\/td><td>Dua Lipa<\/td><\/tr><tr><td>I&#8217;d love you to want me<\/td><td>Lobo<\/td><\/tr><tr><td>I don&#8217;t care<\/td><td>Ed Sheeran &amp; Justin Bieber<\/td><\/tr><tr><td>If a song could get me you<\/td><td>Marit Larsen<\/td><\/tr><tr><td>I&#8217;ll be waiting<\/td><td>Lenny Kravitz<\/td><\/tr><tr><td>I miss you<\/td><td>Blink 182<\/td><\/tr><tr><td>In diesem Moment<\/td><td>Roger Cicero<\/td><\/tr><tr><td>I need you now<\/td><td>Mighty Oaks<\/td><\/tr><tr><td>Innocence<\/td><td>Avril Lavigne<\/td><\/tr><tr><td>Irgendwie, irgendwo, irgendwann<\/td><td>Nena<\/td><\/tr><tr><td>Iris<\/td><td>The Goo Goo Dolls<\/td><\/tr><tr><td>Ironic<\/td><td>Alanis Morissette<\/td><\/tr><tr><td>I wanna dance with somebody<\/td><td>Whitney Houston<\/td><\/tr><tr><td>I want it that way<\/td><td>Backstreet Boys<\/td><\/tr><tr><td>Jessie<\/td><td>Joshua Kadison<\/td><\/tr><tr><td>Jumper<\/td><td>Third Eye Blind<\/td><\/tr><tr><td>Kleinstadthelden<\/td><td>Jeden Tag Silvester<\/td><\/tr><tr><td>Kling Klang<\/td><td>Keimzeit<\/td><\/tr><tr><td>Knocking on heaven&#8217;s door<\/td><td>Bob Dylan<\/td><\/tr><tr><td>Kopf hoch und Arsch in Sattel<\/td><td>Jupiter Jones<\/td><\/tr><tr><td>Land of green<\/td><td>The Coalminers Beat<\/td><\/tr><tr><td>Last Christmas<\/td><td>Wham!<\/td><\/tr><tr><td>Leichtes Gep\u00e4ck<\/td><td>Silbermond<\/td><\/tr><tr><td>Lena<\/td><td>Pur<\/td><\/tr><tr><td>Let her go<\/td><td>Passenger<\/td><\/tr><tr><td>Let it be<\/td><td>The Beatles<\/td><\/tr><tr><td>Little lion man<\/td><td>Mumford &amp; Sons<\/td><\/tr><tr><td>Little talks<\/td><td>Of monsters and men<\/td><\/tr><tr><td>Love how you love me<\/td><td>Melanie Thornton<\/td><\/tr><tr><td>Love is all around<\/td><td>Wet wet wet<\/td><\/tr><tr><td>Love Song<\/td><td>Sara Bareilles<\/td><\/tr><tr><td>M\u00e4dchen und Rabauken<\/td><td>Pohlmann<\/td><\/tr><tr><td>Make you feel my love<\/td><td>Adele<\/td><\/tr><tr><td>M\u00e4nner<\/td><td>Herbert Gr\u00f6nemeyer<\/td><\/tr><tr><td>Mambo<\/td><td>Herbert Gr\u00f6nemeyer<\/td><\/tr><tr><td>Many of horror<\/td><td>Biffy Clyro<\/td><\/tr><tr><td>March on<\/td><td>Good Charlotte<\/td><\/tr><tr><td>Merry christmas everyone<\/td><td>Shakin&#8216; Stevens<\/td><\/tr><tr><td>Mit 66 Jahren<\/td><td>Udo J\u00fcrgens<\/td><\/tr><tr><td>Mother&#8217;s heart<\/td><td>Stefanie Heinzmann<\/td><\/tr><tr><td>Movie star<\/td><td>Harpo<\/td><\/tr><tr><td>Moving on<\/td><td>Paramore<\/td><\/tr><tr><td>My only wish<\/td><td>Britney Spears<\/td><\/tr><tr><td>Nobody&#8217;s home<\/td><td>Avril Lavigne<\/td><\/tr><tr><td>Nothing breaks like a heart<\/td><td>M. Ronson &amp; M. Cyrus<\/td><\/tr><tr><td>Nur ein Wort<\/td><td>Wir sind Helden<\/td><\/tr><tr><td>Oh holy night<\/td><td>traditional<\/td><\/tr><tr><td>Patience<\/td><td>Take that<\/td><\/tr><tr><td>Peaches<\/td><td>Justin Bieber<\/td><\/tr><tr><td>Photograph<\/td><td>Nickelback<\/td><\/tr><tr><td>Pompeii<\/td><td>Bastille<\/td><\/tr><tr><td>Pyro<\/td><td>Kings of Leon<\/td><\/tr><tr><td>Raise your glass<\/td><td>Pink<\/td><\/tr><tr><td>Redbone<\/td><td>Childish Gambino<\/td><\/tr><tr><td>Riptide<\/td><td>Vance Joy<\/td><\/tr><tr><td>Rolling in the deep<\/td><td>Adele<\/td><\/tr><tr><td>Run<\/td><td>Snow Patrol<\/td><\/tr><tr><td>Sandburgen<\/td><td>Liza &amp; Kay<\/td><\/tr><tr><td>Saturday sun<\/td><td>Vance Joy<\/td><\/tr><tr><td>Save tonight<\/td><td>Eagle Eye Cherry<\/td><\/tr><tr><td>Schwarz<\/td><td>Lea &amp; Casper<\/td><\/tr><tr><td>Shake up Christmas<\/td><td>Train<\/td><\/tr><tr><td>Shut up and dance<\/td><td>Walk the moon<\/td><\/tr><tr><td>Sirenen<\/td><td>Madsen<\/td><\/tr><tr><td>Snow<\/td><td>Red Hot Chili Peppers<\/td><\/tr><tr><td>Speeding Cars<\/td><td>Walking on Cars<\/td><\/tr><tr><td>Spirits<\/td><td>The Strumbellas<\/td><\/tr><tr><td>Stiches<\/td><td>Shawn Mendes<\/td><\/tr><tr><td>Still<\/td><td>Jupiter Jones<\/td><\/tr><tr><td>Still life<\/td><td>The horrors<\/td><\/tr><tr><td>Streets of London<\/td><td>Ralph McTell<\/td><\/tr><tr><td>Summer of 69<\/td><td>Brian Adams<\/td><\/tr><tr><td>Supergirl<\/td><td>Reamon<\/td><\/tr><tr><td>Sweet home Alabama<\/td><td>Lynyrd Skynyrd<\/td><\/tr><tr><td>Tage wie diese<\/td><td>Die Toten Hosen<\/td><\/tr><tr><td>Take me home country roads<\/td><td>John Denver<\/td><\/tr><tr><td>Tausendsch\u00f6n<\/td><td>Thees Uhlmann<\/td><\/tr><tr><td>Teenage dream<\/td><td>Katy Perry<\/td><\/tr><tr><td>The best of you<\/td><td>Foo Fighters<\/td><\/tr><tr><td>The cave<\/td><td>Mumford &amp; Sons<\/td><\/tr><tr><td>The end of the innocence<\/td><td>Don Henley<\/td><\/tr><tr><td>The power of love<\/td><td>Frankie goes to Hollywood<\/td><\/tr><tr><td>The search is over<\/td><td>Survivor<\/td><\/tr><tr><td>The story of my old man<\/td><td>Good Charlotte<\/td><\/tr><tr><td>True colors<\/td><td>Cyndi Lauper<\/td><\/tr><tr><td>Try<\/td><td>Nelly Furtado<\/td><\/tr><tr><td>Try<\/td><td>Pink<\/td><\/tr><tr><td>Und dann warten<\/td><td>Jupiter Jones<\/td><\/tr><tr><td>Underdog<\/td><td>Alicia Keys<\/td><\/tr><tr><td>Univited<\/td><td>Alanis Morissette<\/td><\/tr><tr><td>Until morning<\/td><td>Dashboard Confessionnel<\/td><\/tr><tr><td>Use somebody<\/td><td>Kings of Leon<\/td><\/tr><tr><td>Volle Distanz<\/td><td>Kettcar<\/td><\/tr><tr><td>Wake me up when september ends<\/td><td>Green Day<\/td><\/tr><tr><td>Walking in Memphis<\/td><td>Marc Cohn<\/td><\/tr><tr><td>Wartesaal<\/td><td>Bosse<\/td><\/tr><tr><td>Weil ich dich liebe<\/td><td>Marius M\u00fcller-Westernhagen<\/td><\/tr><tr><td>Wenn es gut ist<\/td><td>Olli Schulz<\/td><\/tr><tr><td>Westerland<\/td><td>Die \u00c4rzte<\/td><\/tr><tr><td>What about us<\/td><td>Pink<\/td><\/tr><tr><td>What if<\/td><td>Kate Winslet<\/td><\/tr><tr><td>What I like about you<\/td><td>Jonas Blue &amp; Theresa Rex<\/td><\/tr><tr><td>Wheels<\/td><td>Foo Fighters<\/td><\/tr><tr><td>Wherever you will go<\/td><td>The Calling<\/td><\/tr><tr><td>Wicked game<\/td><td>Chris Isaak<\/td><\/tr><tr><td>Wild and free<\/td><td>Lena<\/td><\/tr><tr><td>Willenlos<\/td><td>Marius M\u00fcller-Westernhagen<\/td><\/tr><tr><td>Wind and walls<\/td><td>The tallest man on earth<\/td><\/tr><tr><td>Winter winds<\/td><td><br><\/td><\/tr><tr><td>Wir beide<\/td><td>Juli<\/td><\/tr><tr><td>Wo bist du<\/td><td>Silly<\/td><\/tr><tr><td>Woman<\/td><td>John Lennon<\/td><\/tr><tr><td>Wonderful dream<\/td><td>Melanie Thornton<\/td><\/tr><tr><td>Wonderwall<\/td><td>Oasis<\/td><\/tr><tr><td>Wrecking Ball<\/td><td>Miley Cyrus<\/td><\/tr><tr><td>You and me<\/td><td>Milow<\/td><\/tr><tr><td>You&#8217;ve got the love<\/td><td>Florence and the machine<\/td><\/tr><tr><td>You make it feel like christmas<\/td><td>Gwen Stefani<\/td><\/tr><tr><td>Zerschmettert in St\u00fccke<\/td><td>Thees Uhlmann<\/td><\/tr><tr><td>Zugv\u00f6gel<\/td><td>Thees Uhlmann<\/td><\/tr><tr><td>Zwei Himmel<\/td><td>Fortuna Ehrenfeld<\/td><\/tr><\/tbody><\/table><\/figure>\n","protected":false},"excerpt":{"rendered":"<p>Wir erf\u00fcllen gerne f\u00fcr Ihre Veranstaltung individuelle Songw\u00fcnsche. Ansonsten umfasst unser sich stetig erweiterndes Cover-Repertoire derzeit folgende Songs (in alphabetischer Reihenfolge): 1A Alexa Feser 7 years Lukas Graham 48 Stunden Kettcar 1000 und eine Nacht Klaus Lage Achterbahn Helene Fischer A horse with no name America Alles rot Silly All I wanna do is make &hellip; <a href=\"http:\/\/jaw-music.de\/?page_id=24\" class=\"more-link\"><span class=\"screen-reader-text\">Cover-Repertoire<\/span> weiterlesen <span class=\"meta-nav\">&rarr;<\/span><\/a><\/p>\n","protected":false},"author":2,"featured_media":0,"parent":661,"menu_order":0,"comment_status":"closed","ping_status":"closed","template":"","meta":{"ngg_post_thumbnail":0},"_links":{"self":[{"href":"http:\/\/jaw-music.de\/index.php?rest_route=\/wp\/v2\/pages\/24"}],"collection":[{"href":"http:\/\/jaw-music.de\/index.php?rest_route=\/wp\/v2\/pages"}],"about":[{"href":"http:\/\/jaw-music.de\/index.php?rest_route=\/wp\/v2\/types\/page"}],"author":[{"embeddable":true,"href":"http:\/\/jaw-music.de\/index.php?rest_route=\/wp\/v2\/users\/2"}],"replies":[{"embeddable":true,"href":"http:\/\/jaw-music.de\/index.php?rest_route=%2Fwp%2Fv2%2Fcomments&post=24"}],"version-history":[{"count":18,"href":"http:\/\/jaw-music.de\/index.php?rest_route=\/wp\/v2\/pages\/24\/revisions"}],"predecessor-version":[{"id":763,"href":"http:\/\/jaw-music.de\/index.php?rest_route=\/wp\/v2\/pages\/24\/revisions\/763"}],"up":[{"embeddable":true,"href":"http:\/\/jaw-music.de\/index.php?rest_route=\/wp\/v2\/pages\/661"}],"wp:attachment":[{"href":"http:\/\/jaw-music.de\/index.php?rest_route=%2Fwp%2Fv2%2Fmedia&parent=24"}],"curies":[{"name":"wp","href":"https:\/\/api.w.org\/{rel}","templated":true}]}}