{"id":43,"date":"2015-09-18T16:21:50","date_gmt":"2015-09-18T14:21:50","guid":{"rendered":"http:\/\/jaw-music.de\/?page_id=43"},"modified":"2022-04-19T06:57:53","modified_gmt":"2022-04-19T04:57:53","slug":"discographie","status":"publish","type":"page","link":"http:\/\/jaw-music.de\/?page_id=43","title":{"rendered":"Discographie"},"content":{"rendered":"\n<p><strong>25.03.2022 (new album release)<\/strong><\/p>\n\n\n\n<p>Am 25. M\u00e4rz 2022 war es endlich soweit und wir haben unser neues, selbst produziertes Album &#8222;Beat as one&#8220; ver\u00f6ffentlicht. <\/p>\n\n\n\n<p>Eine erste H\u00f6rprobe in der Duo-Live-Version gibt es seit Sommer 2021 schon auf dem &#8222;Two Hardts&#8220;-YouTube-Channel: <a href=\"https:\/\/www.youtube.com\/watch?v=7wXc9UeNkTQ\">Fate<\/a>.<\/p>\n\n\n\n<p>Nun kann man unser Album auf allen einschl\u00e4gigen Portalen Streamen und Downloaden, z.B. hier bei <a href=\"https:\/\/open.spotify.com\/album\/02Ba8CZmwfous7YlzQJbJC?si=VP7m3NUUS9mvppssrBs4kg\" data-type=\"URL\" data-id=\"https:\/\/open.spotify.com\/album\/02Ba8CZmwfous7YlzQJbJC?si=VP7m3NUUS9mvppssrBs4kg\">Spotify<\/a> oder <a href=\"https:\/\/amazon.de\/music\/player\/albums\/B09TYTCTDP?marketplaceId=A1PA6795UKMFR9&amp;musicTerritory=DE&amp;ref=dm_sh_nPL6wADuGu2RjTaXnTdphr0Q7\" data-type=\"URL\" data-id=\"https:\/\/amazon.de\/music\/player\/albums\/B09TYTCTDP?marketplaceId=A1PA6795UKMFR9&amp;musicTerritory=DE&amp;ref=dm_sh_nPL6wADuGu2RjTaXnTdphr0Q7\">Amazon<\/a>.<\/p>\n\n\n\n<div class=\"wp-block-image\"><figure class=\"aligncenter size-medium\"><a href=\"http:\/\/jaw-music.de\/wp-content\/uploads\/2022\/03\/IMG_20220302_205608_084.jpg\"><img loading=\"lazy\" width=\"300\" height=\"300\" src=\"http:\/\/jaw-music.de\/wp-content\/uploads\/2022\/03\/IMG_20220302_205608_084-300x300.jpg\" alt=\"\" class=\"wp-image-815\" srcset=\"http:\/\/jaw-music.de\/wp-content\/uploads\/2022\/03\/IMG_20220302_205608_084-300x300.jpg 300w, http:\/\/jaw-music.de\/wp-content\/uploads\/2022\/03\/IMG_20220302_205608_084-1024x1024.jpg 1024w, http:\/\/jaw-music.de\/wp-content\/uploads\/2022\/03\/IMG_20220302_205608_084-150x150.jpg 150w, http:\/\/jaw-music.de\/wp-content\/uploads\/2022\/03\/IMG_20220302_205608_084-768x768.jpg 768w, http:\/\/jaw-music.de\/wp-content\/uploads\/2022\/03\/IMG_20220302_205608_084.jpg 1400w\" sizes=\"(max-width: 300px) 100vw, 300px\" \/><\/a><\/figure><\/div>\n\n\n\n<p class=\"has-text-align-center\">01 Fate<\/p>\n\n\n\n<p class=\"has-text-align-center\">02 Of liars and truth tellers<\/p>\n\n\n\n<p class=\"has-text-align-center\">03 Gonna be there<\/p>\n\n\n\n<p class=\"has-text-align-center\">04 Stranger<\/p>\n\n\n\n<p class=\"has-text-align-center\">05 Impossible love<\/p>\n\n\n\n<p class=\"has-text-align-center\">06 Home to me<\/p>\n\n\n\n<p class=\"has-text-align-center\">07 Back to you<\/p>\n\n\n\n<p class=\"has-text-align-center\">08 Six words<\/p>\n\n\n\n<p class=\"has-text-align-center\">09 Spoilt for choice<\/p>\n\n\n\n<p class=\"has-text-align-center\">10 The day after<\/p>\n\n\n\n<p class=\"has-text-align-center\">11 Toothless smile<\/p>\n\n\n\n<p class=\"has-text-align-center\">12 Heart-to-heart<\/p>\n\n\n<p><strong>2011 <a href=\"http:\/\/jaw-music.de\/?page_id=48\">&#8222;Carpe diem!&#8220;<\/a><\/strong><\/p>\n<p style=\"text-align: center;\"><a href=\"http:\/\/jaw-music.de\/wp-content\/uploads\/2015\/03\/Carpe-Diem-Frontcover.jpg\"><img loading=\"lazy\" class=\"size-medium wp-image-9 aligncenter\" src=\"http:\/\/jaw-music.de\/wp-content\/uploads\/2015\/03\/Carpe-Diem-Frontcover-300x300.jpg\" alt=\"Carpe Diem Frontcover\" width=\"300\" height=\"300\" srcset=\"http:\/\/jaw-music.de\/wp-content\/uploads\/2015\/03\/Carpe-Diem-Frontcover-300x300.jpg 300w, http:\/\/jaw-music.de\/wp-content\/uploads\/2015\/03\/Carpe-Diem-Frontcover-150x150.jpg 150w, http:\/\/jaw-music.de\/wp-content\/uploads\/2015\/03\/Carpe-Diem-Frontcover.jpg 471w\" sizes=\"(max-width: 300px) 100vw, 300px\" \/><\/a>01 Intro<\/p>\n<p style=\"text-align: center;\">02 Stellae transvolantes<\/p>\n<p style=\"text-align: center;\">03 Vividus<\/p>\n<p style=\"text-align: center;\">04 Confide mi<\/p>\n<p style=\"text-align: center;\">05 Nemo scit<\/p>\n<p style=\"text-align: center;\">06 Spes tenuis<\/p>\n<p style=\"text-align: center;\">07 Carpe diem<\/p>\n<p style=\"text-align: center;\">08 Superare<\/p>\n<p style=\"text-align: center;\">09 Hey, (tu-te)<\/p>\n<p style=\"text-align: center;\">10 Home est lupus<\/p>\n<p style=\"text-align: center;\">11 Prope praeceps<\/p>\n<p style=\"text-align: center;\">12 Quid ita?<\/p>\n<p><strong>2010 <a href=\"http:\/\/jaw-music.de\/?page_id=46\">&#8222;Fortis es!&#8220;<\/a> (zum kostenlosen Download)<\/strong><\/p>\n<p style=\"text-align: center;\"><a href=\"http:\/\/jaw-music.de\/wp-content\/uploads\/2015\/09\/Cover-Fortis-es.jpg\"><img loading=\"lazy\" class=\"size-medium wp-image-374 aligncenter\" src=\"http:\/\/jaw-music.de\/wp-content\/uploads\/2015\/09\/Cover-Fortis-es-300x300.jpg\" alt=\"Cover Fortis es!!!\" width=\"300\" height=\"300\" srcset=\"http:\/\/jaw-music.de\/wp-content\/uploads\/2015\/09\/Cover-Fortis-es-300x300.jpg 300w, http:\/\/jaw-music.de\/wp-content\/uploads\/2015\/09\/Cover-Fortis-es-150x150.jpg 150w, http:\/\/jaw-music.de\/wp-content\/uploads\/2015\/09\/Cover-Fortis-es.jpg 629w\" sizes=\"(max-width: 300px) 100vw, 300px\" \/><\/a><\/p>\n<p style=\"text-align: center;\">01 Fortis es<\/p>\n<p style=\"text-align: center;\">02 Parricidium fraternum<\/p>\n<p style=\"text-align: center;\">03 Ab peregrino relicta<\/p>\n<p style=\"text-align: center;\">04 Voluntas fatalis<\/p>\n<p style=\"text-align: center;\">05 Turpis Sors<\/p>\n<p style=\"text-align: center;\">06 Multa felicitas<\/p>","protected":false},"excerpt":{"rendered":"<p>25.03.2022 (new album release) Am 25. M\u00e4rz 2022 war es endlich soweit und wir haben unser neues, selbst produziertes Album &#8222;Beat as one&#8220; ver\u00f6ffentlicht. Eine erste H\u00f6rprobe in der Duo-Live-Version gibt es seit Sommer 2021 schon auf dem &#8222;Two Hardts&#8220;-YouTube-Channel: Fate. Nun kann man unser Album auf allen einschl\u00e4gigen Portalen Streamen und Downloaden, z.B. hier &hellip; <a href=\"http:\/\/jaw-music.de\/?page_id=43\" class=\"more-link\"><span class=\"screen-reader-text\">Discographie<\/span> weiterlesen <span class=\"meta-nav\">&rarr;<\/span><\/a><\/p>\n","protected":false},"author":2,"featured_media":0,"parent":0,"menu_order":0,"comment_status":"closed","ping_status":"closed","template":"","meta":{"ngg_post_thumbnail":0},"_links":{"self":[{"href":"http:\/\/jaw-music.de\/index.php?rest_route=\/wp\/v2\/pages\/43"}],"collection":[{"href":"http:\/\/jaw-music.de\/index.php?rest_route=\/wp\/v2\/pages"}],"about":[{"href":"http:\/\/jaw-music.de\/index.php?rest_route=\/wp\/v2\/types\/page"}],"author":[{"embeddable":true,"href":"http:\/\/jaw-music.de\/index.php?rest_route=\/wp\/v2\/users\/2"}],"replies":[{"embeddable":true,"href":"http:\/\/jaw-music.de\/index.php?rest_route=%2Fwp%2Fv2%2Fcomments&post=43"}],"version-history":[{"count":13,"href":"http:\/\/jaw-music.de\/index.php?rest_route=\/wp\/v2\/pages\/43\/revisions"}],"predecessor-version":[{"id":841,"href":"http:\/\/jaw-music.de\/index.php?rest_route=\/wp\/v2\/pages\/43\/revisions\/841"}],"wp:attachment":[{"href":"http:\/\/jaw-music.de\/index.php?rest_route=%2Fwp%2Fv2%2Fmedia&parent=43"}],"curies":[{"name":"wp","href":"https:\/\/api.w.org\/{rel}","templated":true}]}}