{"id":640,"date":"2021-09-26T21:54:27","date_gmt":"2021-09-26T19:54:27","guid":{"rendered":"http:\/\/jaw-music.de\/?page_id=640"},"modified":"2021-09-26T23:14:05","modified_gmt":"2021-09-26T21:14:05","slug":"juergen-hardt-drums","status":"publish","type":"page","link":"http:\/\/jaw-music.de\/?page_id=640","title":{"rendered":"J\u00fcrgen Hardt: Drums"},"content":{"rendered":"\n<figure class=\"wp-block-image size-large\"><a href=\"http:\/\/jaw-music.de\/wp-content\/uploads\/2021\/09\/IMG_3155.jpg\"><img loading=\"lazy\" width=\"1024\" height=\"683\" src=\"http:\/\/jaw-music.de\/wp-content\/uploads\/2021\/09\/IMG_3155-1024x683.jpg\" alt=\"\" class=\"wp-image-641\" srcset=\"http:\/\/jaw-music.de\/wp-content\/uploads\/2021\/09\/IMG_3155-1024x683.jpg 1024w, http:\/\/jaw-music.de\/wp-content\/uploads\/2021\/09\/IMG_3155-300x200.jpg 300w, http:\/\/jaw-music.de\/wp-content\/uploads\/2021\/09\/IMG_3155-768x512.jpg 768w, http:\/\/jaw-music.de\/wp-content\/uploads\/2021\/09\/IMG_3155.jpg 1417w\" sizes=\"(max-width: 1024px) 100vw, 1024px\" \/><\/a><figcaption>J\u00fcrgen Hardt (* 05. Mai 1967) aus Sch\u00fclldorf<\/figcaption><\/figure>\n\n\n\n<p>Seit ich im Alter von 13 Jahren mit dem Schlagzeug Spielen begonnen habe, sind meinen Schl\u00e4gen sicher so viele Sticks zum Opfer gefallen, dass man mit dem verschlissenen Holz ein Einfamilienhaus problemlos ein ganzes Jahr lang beheizen k\u00f6nnte. Dies erm\u00f6glichte es mir allerdings mit der Zeit, nicht nur st\u00e4ndig neue Sticks kaufen, sondern meinen Lebensunterhalt allein mit dem Schlagzeug Spielen bestreiten zu k\u00f6nnen, was f\u00fcr mich nach wie vor ein ganz besonderes Privileg darstellt.<\/p>\n\n\n\n<p>Doch als ich mich Anfang der 90er Jahre entschied, mein Hobby zum Beruf zu machen, konnte ich nicht ahnen, dass es noch beinahe 30 Jahre und unz\u00e4hlige musikalische Erfahrungen brauchen w\u00fcrde, um nun als Drummer bei Josies und Aarons verschiedenen Projekten nicht nur musikalisch angekommen zu sein.<\/p>\n","protected":false},"excerpt":{"rendered":"<p>Seit ich im Alter von 13 Jahren mit dem Schlagzeug Spielen begonnen habe, sind meinen Schl\u00e4gen sicher so viele Sticks zum Opfer gefallen, dass man mit dem verschlissenen Holz ein Einfamilienhaus problemlos ein ganzes Jahr lang beheizen k\u00f6nnte. Dies erm\u00f6glichte es mir allerdings mit der Zeit, nicht nur st\u00e4ndig neue Sticks kaufen, sondern meinen Lebensunterhalt &hellip; <a href=\"http:\/\/jaw-music.de\/?page_id=640\" class=\"more-link\"><span class=\"screen-reader-text\">J\u00fcrgen Hardt: Drums<\/span> weiterlesen <span class=\"meta-nav\">&rarr;<\/span><\/a><\/p>\n","protected":false},"author":2,"featured_media":0,"parent":19,"menu_order":2,"comment_status":"closed","ping_status":"closed","template":"","meta":{"ngg_post_thumbnail":0},"_links":{"self":[{"href":"http:\/\/jaw-music.de\/index.php?rest_route=\/wp\/v2\/pages\/640"}],"collection":[{"href":"http:\/\/jaw-music.de\/index.php?rest_route=\/wp\/v2\/pages"}],"about":[{"href":"http:\/\/jaw-music.de\/index.php?rest_route=\/wp\/v2\/types\/page"}],"author":[{"embeddable":true,"href":"http:\/\/jaw-music.de\/index.php?rest_route=\/wp\/v2\/users\/2"}],"replies":[{"embeddable":true,"href":"http:\/\/jaw-music.de\/index.php?rest_route=%2Fwp%2Fv2%2Fcomments&post=640"}],"version-history":[{"count":3,"href":"http:\/\/jaw-music.de\/index.php?rest_route=\/wp\/v2\/pages\/640\/revisions"}],"predecessor-version":[{"id":678,"href":"http:\/\/jaw-music.de\/index.php?rest_route=\/wp\/v2\/pages\/640\/revisions\/678"}],"up":[{"embeddable":true,"href":"http:\/\/jaw-music.de\/index.php?rest_route=\/wp\/v2\/pages\/19"}],"wp:attachment":[{"href":"http:\/\/jaw-music.de\/index.php?rest_route=%2Fwp%2Fv2%2Fmedia&parent=640"}],"curies":[{"name":"wp","href":"https:\/\/api.w.org\/{rel}","templated":true}]}}