{"id":661,"date":"2021-09-26T22:49:43","date_gmt":"2021-09-26T20:49:43","guid":{"rendered":"http:\/\/jaw-music.de\/?page_id=661"},"modified":"2021-10-28T19:30:57","modified_gmt":"2021-10-28T17:30:57","slug":"j-a-w-acoustic-covers","status":"publish","type":"page","link":"http:\/\/jaw-music.de\/?page_id=661","title":{"rendered":"&#8222;J.A.W.&#8220; &#8211; acoustic covers"},"content":{"rendered":"\n<p>Neben der Verwirklichung unserer eigenen Songideen interpretieren wir seit 2011 leidenschaftlich gerne Songs, die von anderen (gro\u00dfartigen!) Musiker*innen komponiert und getextet wurden. Um ehrlich zu sein, haben wir bei den meisten unserer Auftritte auf gro\u00dfen und kleinen B\u00fchnen in den vergangenen Jahren unser Cover-Repertoire gespielt&#8230;<\/p>\n\n\n\n<p>&#8222;J.A.W.&#8220; acoustic covers steht dabei von Anfang an f\u00fcr handgemachte und zu 100% live gespielte Musik!!! In unserem Gep\u00e4ck befindet sich dabei ein abendf\u00fcllendes und abwechslungsreiches <a href=\"http:\/\/jaw-music.de\/?page_id=24\" data-type=\"URL\" data-id=\"http:\/\/jaw-music.de\/?page_id=24\">Repertoire <\/a>mit Klassikern und aktuellen Hits von Pop, Rock, Charts bis Schlager\/Party, die jedoch mitunter anders klingen, als man sie kennt.<\/p>\n\n\n\n<p>Alles, was wir ben\u00f6tigen ist eine Steckdose und &#8211; sofern es sich um eine Outdoor-Veranstaltung handelt &#8211; ein Dach \u00fcber unserem Kopf und den Instrumenten. Eine entsprechende Beschallungsanlage ist vorhanden.<\/p>\n\n\n\n<figure class=\"wp-block-image size-large\"><a href=\"http:\/\/jaw-music.de\/wp-content\/uploads\/2021\/09\/Reportage_762-scaled.jpg\"><img loading=\"lazy\" width=\"1024\" height=\"683\" src=\"http:\/\/jaw-music.de\/wp-content\/uploads\/2021\/09\/Reportage_762-1024x683.jpg\" alt=\"\" class=\"wp-image-655\" srcset=\"http:\/\/jaw-music.de\/wp-content\/uploads\/2021\/09\/Reportage_762-1024x683.jpg 1024w, http:\/\/jaw-music.de\/wp-content\/uploads\/2021\/09\/Reportage_762-300x200.jpg 300w, http:\/\/jaw-music.de\/wp-content\/uploads\/2021\/09\/Reportage_762-768x512.jpg 768w, http:\/\/jaw-music.de\/wp-content\/uploads\/2021\/09\/Reportage_762-1536x1024.jpg 1536w, http:\/\/jaw-music.de\/wp-content\/uploads\/2021\/09\/Reportage_762-2048x1365.jpg 2048w\" sizes=\"(max-width: 1024px) 100vw, 1024px\" \/><\/a><figcaption>\u201e<strong>J.A.W.\u201c <em>acoustic covers Duo<\/em><\/strong> (Foto aus Juli 2019)<\/figcaption><\/figure>\n\n\n\n<p>In unserer Duo-Besetzung mit Akustik-Gitarre, Piano und zweistimmigem Gesang werden bekannte Songs in deutscher und englischer Sprache akustisch ungesetzt. So spielen wir u.a. gern bei kleinen Hochzeiten, Gartenpartys, Kneipengigs, Firmenfesten, Weihnachtsfeiern, Polterabenden, Geburtstagsfeiern etc. <\/p>\n\n\n\n<figure class=\"wp-block-image size-large\"><a href=\"http:\/\/jaw-music.de\/wp-content\/uploads\/2021\/10\/IMG_1460-scaled.jpg\"><img loading=\"lazy\" width=\"1024\" height=\"768\" src=\"http:\/\/jaw-music.de\/wp-content\/uploads\/2021\/10\/IMG_1460-1024x768.jpg\" alt=\"\" class=\"wp-image-806\" srcset=\"http:\/\/jaw-music.de\/wp-content\/uploads\/2021\/10\/IMG_1460-1024x768.jpg 1024w, http:\/\/jaw-music.de\/wp-content\/uploads\/2021\/10\/IMG_1460-300x225.jpg 300w, http:\/\/jaw-music.de\/wp-content\/uploads\/2021\/10\/IMG_1460-768x576.jpg 768w, http:\/\/jaw-music.de\/wp-content\/uploads\/2021\/10\/IMG_1460-1536x1152.jpg 1536w, http:\/\/jaw-music.de\/wp-content\/uploads\/2021\/10\/IMG_1460-2048x1536.jpg 2048w\" sizes=\"(max-width: 1024px) 100vw, 1024px\" \/><\/a><figcaption><a href=\"http:\/\/jaw-music.de\/wp-content\/uploads\/2021\/09\/IMG_3155.jpg\"><\/a><a href=\"http:\/\/jaw-music.de\/wp-content\/uploads\/2021\/09\/IMG_3155.jpg\"><\/a>\u201e<strong>J.A.W.\u201c <em>acoustic covers &amp; drums<\/em><\/strong> feat. <a href=\"http:\/\/jaw-music.de\/?page_id=640\">J\u00fcrgen Hardt<\/a><\/figcaption><\/figure>\n\n\n\n<p>Dar\u00fcber hinaus arbeiten wir seit 2019 f\u00fcr gr\u00f6\u00dfere Auftritte gerne mit dem erfahrenen Schlagzeuger <a href=\"http:\/\/jaw-music.de\/?page_id=640\" data-type=\"URL\" data-id=\"http:\/\/jaw-music.de\/?page_id=640\">J\u00fcrgen Hardt<\/a> zusammen, der daf\u00fcr sorgt, dass unsere Covers richtig grooven. Als Trio mit Drums spielen wir gern auf Dorf-\/Stadtfesten, Messen und gr\u00f6\u00dferen privaten Feiern.<\/p>\n","protected":false},"excerpt":{"rendered":"<p>Neben der Verwirklichung unserer eigenen Songideen interpretieren wir seit 2011 leidenschaftlich gerne Songs, die von anderen (gro\u00dfartigen!) Musiker*innen komponiert und getextet wurden. Um ehrlich zu sein, haben wir bei den meisten unserer Auftritte auf gro\u00dfen und kleinen B\u00fchnen in den vergangenen Jahren unser Cover-Repertoire gespielt&#8230; &#8222;J.A.W.&#8220; acoustic covers steht dabei von Anfang an f\u00fcr handgemachte &hellip; <a href=\"http:\/\/jaw-music.de\/?page_id=661\" class=\"more-link\"><span class=\"screen-reader-text\">&#8222;J.A.W.&#8220; &#8211; acoustic covers<\/span> weiterlesen <span class=\"meta-nav\">&rarr;<\/span><\/a><\/p>\n","protected":false},"author":2,"featured_media":0,"parent":648,"menu_order":0,"comment_status":"closed","ping_status":"closed","template":"","meta":{"ngg_post_thumbnail":0},"_links":{"self":[{"href":"http:\/\/jaw-music.de\/index.php?rest_route=\/wp\/v2\/pages\/661"}],"collection":[{"href":"http:\/\/jaw-music.de\/index.php?rest_route=\/wp\/v2\/pages"}],"about":[{"href":"http:\/\/jaw-music.de\/index.php?rest_route=\/wp\/v2\/types\/page"}],"author":[{"embeddable":true,"href":"http:\/\/jaw-music.de\/index.php?rest_route=\/wp\/v2\/users\/2"}],"replies":[{"embeddable":true,"href":"http:\/\/jaw-music.de\/index.php?rest_route=%2Fwp%2Fv2%2Fcomments&post=661"}],"version-history":[{"count":4,"href":"http:\/\/jaw-music.de\/index.php?rest_route=\/wp\/v2\/pages\/661\/revisions"}],"predecessor-version":[{"id":807,"href":"http:\/\/jaw-music.de\/index.php?rest_route=\/wp\/v2\/pages\/661\/revisions\/807"}],"up":[{"embeddable":true,"href":"http:\/\/jaw-music.de\/index.php?rest_route=\/wp\/v2\/pages\/648"}],"wp:attachment":[{"href":"http:\/\/jaw-music.de\/index.php?rest_route=%2Fwp%2Fv2%2Fmedia&parent=661"}],"curies":[{"name":"wp","href":"https:\/\/api.w.org\/{rel}","templated":true}]}}