{"id":664,"date":"2021-09-26T22:51:09","date_gmt":"2021-09-26T20:51:09","guid":{"rendered":"http:\/\/jaw-music.de\/?page_id=664"},"modified":"2022-04-20T06:46:12","modified_gmt":"2022-04-20T04:46:12","slug":"two-hardts","status":"publish","type":"page","link":"http:\/\/jaw-music.de\/?page_id=664","title":{"rendered":"&#8222;Two Hardts&#8220;"},"content":{"rendered":"\n<div class=\"wp-block-image\"><figure class=\"alignleft size-medium\"><a href=\"http:\/\/jaw-music.de\/wp-content\/uploads\/2021\/09\/Two-Hardts-LOGO.jpg\"><img loading=\"lazy\" width=\"300\" height=\"300\" src=\"http:\/\/jaw-music.de\/wp-content\/uploads\/2021\/09\/Two-Hardts-LOGO-300x300.jpg\" alt=\"\" class=\"wp-image-790\" srcset=\"http:\/\/jaw-music.de\/wp-content\/uploads\/2021\/09\/Two-Hardts-LOGO-300x300.jpg 300w, http:\/\/jaw-music.de\/wp-content\/uploads\/2021\/09\/Two-Hardts-LOGO-1024x1024.jpg 1024w, http:\/\/jaw-music.de\/wp-content\/uploads\/2021\/09\/Two-Hardts-LOGO-150x150.jpg 150w, http:\/\/jaw-music.de\/wp-content\/uploads\/2021\/09\/Two-Hardts-LOGO-768x768.jpg 768w, http:\/\/jaw-music.de\/wp-content\/uploads\/2021\/09\/Two-Hardts-LOGO-1536x1536.jpg 1536w, http:\/\/jaw-music.de\/wp-content\/uploads\/2021\/09\/Two-Hardts-LOGO.jpg 2048w\" sizes=\"(max-width: 300px) 100vw, 300px\" \/><\/a><\/figure><\/div>\n\n\n\n<p class=\"has-medium-font-size\"><strong><em>Piano &amp; Drums<\/em><\/strong><\/p>\n\n\n\n<p>Was kann es Besseres geben, als mit seinem Lieblingsmenschen gemeinsam Musik zu machen?<\/p>\n\n\n\n<p>&#8222;Two Hardts&#8220; haben sich zwar nicht gesucht, aber 2019 dennoch gefunden und fest steht, dass sich die beiden nicht nur menschlich, sondern auch musikalisch blind verstehen. Musik und Liebe geh\u00f6ren f\u00fcr <a href=\"http:\/\/jaw-music.de\/?page_id=54\" data-type=\"URL\" data-id=\"http:\/\/jaw-music.de\/?page_id=54\">Josie <\/a>und <a href=\"http:\/\/jaw-music.de\/?page_id=640\" data-type=\"URL\" data-id=\"http:\/\/jaw-music.de\/?page_id=640\">J\u00fcrgen <\/a>Hardt fest zusammen. So machen sie nun genau das, was sie gl\u00fccklich macht: zusammen Musik.<\/p>\n\n\n\n\n\n<div class=\"ngg-galleryoverview ngg-slideshow\"\n\t id=\"ngg-slideshow-df6017f99c0311eabda7ccc02087d616-8533645930\"\n     data-gallery-id=\"df6017f99c0311eabda7ccc02087d616\"\n     style=\"max-width: 600px; max-height: 400px;\">\n\n \t<div id=\"ngg-image-0\" class=\"ngg-gallery-slideshow-image\" style=\"height:400px\">\n\n        <a href=\"http:\/\/jaw-music.de\/wp-content\/gallery\/two-hardts-duo-fotos\/20220306_100149_HDR.jpg\"\n           title=\"\"\n           data-src=\"http:\/\/jaw-music.de\/wp-content\/gallery\/two-hardts-duo-fotos\/20220306_100149_HDR.jpg\"\n           data-thumbnail=\"http:\/\/jaw-music.de\/wp-content\/gallery\/two-hardts-duo-fotos\/thumbs\/thumbs_20220306_100149_HDR.jpg\"\n           data-image-id=\"114\"\n           data-title=\"20220306_100149_HDR\"\n           data-description=\"\"\n           class=\"ngg-fancybox\" rel=\"df6017f99c0311eabda7ccc02087d616\">\n\n            <img data-image-id='114'\n                 title=\"\"\n                 alt=\"20220306_100149_HDR\"\n                 src=\"http:\/\/jaw-music.de\/wp-content\/gallery\/two-hardts-duo-fotos\/20220306_100149_HDR.jpg\"\n                 style=\"max-height: 380px;\"\/>\n        <\/a>\n\n        <\/div> \n<div id=\"ngg-image-1\" class=\"ngg-gallery-slideshow-image\" style=\"height:400px\">\n\n        <a href=\"http:\/\/jaw-music.de\/wp-content\/gallery\/two-hardts-duo-fotos\/20220306_102146.jpg\"\n           title=\"\"\n           data-src=\"http:\/\/jaw-music.de\/wp-content\/gallery\/two-hardts-duo-fotos\/20220306_102146.jpg\"\n           data-thumbnail=\"http:\/\/jaw-music.de\/wp-content\/gallery\/two-hardts-duo-fotos\/thumbs\/thumbs_20220306_102146.jpg\"\n           data-image-id=\"115\"\n           data-title=\"20220306_102146\"\n           data-description=\"\"\n           class=\"ngg-fancybox\" rel=\"df6017f99c0311eabda7ccc02087d616\">\n\n            <img data-image-id='115'\n                 title=\"\"\n                 alt=\"20220306_102146\"\n                 src=\"http:\/\/jaw-music.de\/wp-content\/gallery\/two-hardts-duo-fotos\/20220306_102146.jpg\"\n                 style=\"max-height: 380px;\"\/>\n        <\/a>\n\n        <\/div> \n<div id=\"ngg-image-2\" class=\"ngg-gallery-slideshow-image\" style=\"height:400px\">\n\n        <a href=\"http:\/\/jaw-music.de\/wp-content\/gallery\/two-hardts-duo-fotos\/20220306_100817_HDR.jpg\"\n           title=\"\"\n           data-src=\"http:\/\/jaw-music.de\/wp-content\/gallery\/two-hardts-duo-fotos\/20220306_100817_HDR.jpg\"\n           data-thumbnail=\"http:\/\/jaw-music.de\/wp-content\/gallery\/two-hardts-duo-fotos\/thumbs\/thumbs_20220306_100817_HDR.jpg\"\n           data-image-id=\"116\"\n           data-title=\"20220306_100817_HDR\"\n           data-description=\"\"\n           class=\"ngg-fancybox\" rel=\"df6017f99c0311eabda7ccc02087d616\">\n\n            <img data-image-id='116'\n                 title=\"\"\n                 alt=\"20220306_100817_HDR\"\n                 src=\"http:\/\/jaw-music.de\/wp-content\/gallery\/two-hardts-duo-fotos\/20220306_100817_HDR.jpg\"\n                 style=\"max-height: 380px;\"\/>\n        <\/a>\n\n        <\/div> \n<div id=\"ngg-image-3\" class=\"ngg-gallery-slideshow-image\" style=\"height:400px\">\n\n        <a href=\"http:\/\/jaw-music.de\/wp-content\/gallery\/two-hardts-duo-fotos\/20220306_100302_HDR.jpg\"\n           title=\"\"\n           data-src=\"http:\/\/jaw-music.de\/wp-content\/gallery\/two-hardts-duo-fotos\/20220306_100302_HDR.jpg\"\n           data-thumbnail=\"http:\/\/jaw-music.de\/wp-content\/gallery\/two-hardts-duo-fotos\/thumbs\/thumbs_20220306_100302_HDR.jpg\"\n           data-image-id=\"117\"\n           data-title=\"20220306_100302_HDR\"\n           data-description=\"\"\n           class=\"ngg-fancybox\" rel=\"df6017f99c0311eabda7ccc02087d616\">\n\n            <img data-image-id='117'\n                 title=\"\"\n                 alt=\"20220306_100302_HDR\"\n                 src=\"http:\/\/jaw-music.de\/wp-content\/gallery\/two-hardts-duo-fotos\/20220306_100302_HDR.jpg\"\n                 style=\"max-height: 380px;\"\/>\n        <\/a>\n\n        <\/div> \n<div id=\"ngg-image-4\" class=\"ngg-gallery-slideshow-image\" style=\"height:400px\">\n\n        <a href=\"http:\/\/jaw-music.de\/wp-content\/gallery\/two-hardts-duo-fotos\/20220306_100942.jpg\"\n           title=\"\"\n           data-src=\"http:\/\/jaw-music.de\/wp-content\/gallery\/two-hardts-duo-fotos\/20220306_100942.jpg\"\n           data-thumbnail=\"http:\/\/jaw-music.de\/wp-content\/gallery\/two-hardts-duo-fotos\/thumbs\/thumbs_20220306_100942.jpg\"\n           data-image-id=\"118\"\n           data-title=\"20220306_100942\"\n           data-description=\"\"\n           class=\"ngg-fancybox\" rel=\"df6017f99c0311eabda7ccc02087d616\">\n\n            <img data-image-id='118'\n                 title=\"\"\n                 alt=\"20220306_100942\"\n                 src=\"http:\/\/jaw-music.de\/wp-content\/gallery\/two-hardts-duo-fotos\/20220306_100942.jpg\"\n                 style=\"max-height: 380px;\"\/>\n        <\/a>\n\n        <\/div> \n<div id=\"ngg-image-5\" class=\"ngg-gallery-slideshow-image\" style=\"height:400px\">\n\n        <a href=\"http:\/\/jaw-music.de\/wp-content\/gallery\/two-hardts-duo-fotos\/20220306_100602_HDR.jpg\"\n           title=\"\"\n           data-src=\"http:\/\/jaw-music.de\/wp-content\/gallery\/two-hardts-duo-fotos\/20220306_100602_HDR.jpg\"\n           data-thumbnail=\"http:\/\/jaw-music.de\/wp-content\/gallery\/two-hardts-duo-fotos\/thumbs\/thumbs_20220306_100602_HDR.jpg\"\n           data-image-id=\"119\"\n           data-title=\"20220306_100602_HDR\"\n           data-description=\"\"\n           class=\"ngg-fancybox\" rel=\"df6017f99c0311eabda7ccc02087d616\">\n\n            <img data-image-id='119'\n                 title=\"\"\n                 alt=\"20220306_100602_HDR\"\n                 src=\"http:\/\/jaw-music.de\/wp-content\/gallery\/two-hardts-duo-fotos\/20220306_100602_HDR.jpg\"\n                 style=\"max-height: 380px;\"\/>\n        <\/a>\n\n        <\/div> \n<div id=\"ngg-image-6\" class=\"ngg-gallery-slideshow-image\" style=\"height:400px\">\n\n        <a href=\"http:\/\/jaw-music.de\/wp-content\/gallery\/two-hardts-duo-fotos\/20220306_102544.jpg\"\n           title=\"\"\n           data-src=\"http:\/\/jaw-music.de\/wp-content\/gallery\/two-hardts-duo-fotos\/20220306_102544.jpg\"\n           data-thumbnail=\"http:\/\/jaw-music.de\/wp-content\/gallery\/two-hardts-duo-fotos\/thumbs\/thumbs_20220306_102544.jpg\"\n           data-image-id=\"120\"\n           data-title=\"20220306_102544\"\n           data-description=\"\"\n           class=\"ngg-fancybox\" rel=\"df6017f99c0311eabda7ccc02087d616\">\n\n            <img data-image-id='120'\n                 title=\"\"\n                 alt=\"20220306_102544\"\n                 src=\"http:\/\/jaw-music.de\/wp-content\/gallery\/two-hardts-duo-fotos\/20220306_102544.jpg\"\n                 style=\"max-height: 380px;\"\/>\n        <\/a>\n\n        <\/div> \n<\/div>\n\n\n\t\t<!-- Thumbnails Link -->\n\t<div class=\"slideshowlink\" style=\"max-width: 600px;\">\n        <a href='http:\/\/jaw-music.de\/index.php\/nggallery\/thumbnails?page_id=664'>[Zeige Vorschaubilder]<\/a>\n\t<\/div>\n\n\n\n\n\n<p> Bisher nur im heimischen Probenraum, aber nun endlich auch f\u00fcr mehr als vier Ohren gedacht:<\/p>\n\n\n\n<p>Das Musikerehepaar aus Sch\u00fclldorf spielt als neue Akustikduo-Formation &#8222;Two Hardts&#8220;  Covers, auf die sie einfach Lust haben, in einer ganz besonderen <em>piano-&amp;-drums<\/em>-Version und haben nebenher an ihren eigenen, \u00fcberwiegend englischsprachigen Songs, die im Zuge ihrer gemeinsamen Erlebnisse und Begegnungen entstanden sind, gefeilt. Ab Herbst 2021 konnte das Herzensprojekt der beiden dann im eigenen Studio eingespielt und selbst produziert werden.  Tatkr\u00e4ftige Unterst\u00fctzung an der Akustikgitarre haben &#8222;Two Hardts&#8220; bei ihren Studioaufnahmen nat\u00fcrlich von Josies Bruder <a href=\"http:\/\/jaw-music.de\/?page_id=52\">Aaron<\/a> erhalten.<\/p>\n\n\n\n<p>Erste Live-Aufnahmen haben Josie und J\u00fcrgen im Sommer 2021 bei bestem Wetter direkt am Sch\u00fclldorfer See machen d\u00fcrfen, die es sowohl auf ihrem<a href=\"https:\/\/www.youtube.com\/channel\/UCC6B6deIdkF_gk2q4Tks9qw\" data-type=\"URL\" data-id=\"https:\/\/www.youtube.com\/channel\/UCC6B6deIdkF_gk2q4Tks9qw\"> YouTube-Channel<\/a>, als auch ihrer Facebook-Seite zu sehen bzw. h\u00f6ren gibt. Mit dabei auch die Sommer-Session-Duo-Version eines ihrer eigenen Songs:<em> <a href=\"https:\/\/www.youtube.com\/watch?v=7wXc9UeNkTQ\" data-type=\"URL\" data-id=\"https:\/\/www.youtube.com\/watch?v=7wXc9UeNkTQ\">Fate<\/a><\/em>.<\/p>\n\n\n\n<figure class=\"wp-block-image size-large\"><a href=\"http:\/\/jaw-music.de\/wp-content\/uploads\/2021\/09\/IMG_3332.jpg\"><img loading=\"lazy\" width=\"1024\" height=\"655\" src=\"http:\/\/jaw-music.de\/wp-content\/uploads\/2021\/09\/IMG_3332-1024x655.jpg\" alt=\"\" class=\"wp-image-650\" srcset=\"http:\/\/jaw-music.de\/wp-content\/uploads\/2021\/09\/IMG_3332-1024x655.jpg 1024w, http:\/\/jaw-music.de\/wp-content\/uploads\/2021\/09\/IMG_3332-300x192.jpg 300w, http:\/\/jaw-music.de\/wp-content\/uploads\/2021\/09\/IMG_3332-768x491.jpg 768w, http:\/\/jaw-music.de\/wp-content\/uploads\/2021\/09\/IMG_3332-1536x983.jpg 1536w, http:\/\/jaw-music.de\/wp-content\/uploads\/2021\/09\/IMG_3332-2048x1311.jpg 2048w\" sizes=\"(max-width: 1024px) 100vw, 1024px\" \/><\/a><figcaption>&#8222;Two Hardts&#8220;-Sommer-Session am Sch\u00fclldorfer See (Juli 2021)<\/figcaption><\/figure>\n\n\n\n<p>Und nach f\u00fcnf Monaten<em> recording, mixing and mastering<\/em> war es endlich soweit: Am 25. M\u00e4rz 2022 haben sie ihr erstes Album<a href=\"http:\/\/jaw-music.de\/?page_id=814\" data-type=\"URL\" data-id=\"http:\/\/jaw-music.de\/?page_id=814\"> &#8222;Beat as one&#8220;<\/a> ver\u00f6ffentlicht. Nun kann man unser Album auf allen einschl\u00e4gigen Portalen Streamen und Downloaden, z.B. hier bei <a href=\"https:\/\/open.spotify.com\/album\/02Ba8CZmwfous7YlzQJbJC?si=VP7m3NUUS9mvppssrBs4kg\">Spotify<\/a> oder <a href=\"https:\/\/amazon.de\/music\/player\/albums\/B09TYTCTDP?marketplaceId=A1PA6795UKMFR9&amp;musicTerritory=DE&amp;ref=dm_sh_nPL6wADuGu2RjTaXnTdphr0Q7\">Amazon<\/a>.<\/p>\n\n\n\n<div class=\"wp-block-image\"><figure class=\"aligncenter size-medium\"><a href=\"http:\/\/jaw-music.de\/?page_id=814 \"><img loading=\"lazy\" width=\"300\" height=\"300\" src=\"http:\/\/jaw-music.de\/wp-content\/uploads\/2022\/03\/IMG_20220302_205608_084-300x300.jpg\" alt=\"\" class=\"wp-image-815\" srcset=\"http:\/\/jaw-music.de\/wp-content\/uploads\/2022\/03\/IMG_20220302_205608_084-300x300.jpg 300w, http:\/\/jaw-music.de\/wp-content\/uploads\/2022\/03\/IMG_20220302_205608_084-1024x1024.jpg 1024w, http:\/\/jaw-music.de\/wp-content\/uploads\/2022\/03\/IMG_20220302_205608_084-150x150.jpg 150w, http:\/\/jaw-music.de\/wp-content\/uploads\/2022\/03\/IMG_20220302_205608_084-768x768.jpg 768w, http:\/\/jaw-music.de\/wp-content\/uploads\/2022\/03\/IMG_20220302_205608_084.jpg 1400w\" sizes=\"(max-width: 300px) 100vw, 300px\" \/><\/a><\/figure><\/div>\n\n\n\n<p>Und wen die Entstehung des Albums, das gemeinsame Musizieren und Vieles mehr interessiert, der kann gerne in unser Interview mit Max Stammer vom F\u00f6rderadio reinh\u00f6ren, dem wir Rede und Antwort gestanden haben:<\/p>\n\n\n\n<figure class=\"wp-block-audio\"><audio controls src=\"http:\/\/jaw-music.de\/wp-content\/uploads\/2022\/04\/Interview-Two-Hardts-Foerderadio.mp3\"><\/audio><\/figure>\n","protected":false},"excerpt":{"rendered":"<p>Piano &amp; Drums Was kann es Besseres geben, als mit seinem Lieblingsmenschen gemeinsam Musik zu machen? &#8222;Two Hardts&#8220; haben sich zwar nicht gesucht, aber 2019 dennoch gefunden und fest steht, dass sich die beiden nicht nur menschlich, sondern auch musikalisch blind verstehen. Musik und Liebe geh\u00f6ren f\u00fcr Josie und J\u00fcrgen Hardt fest zusammen. So machen &hellip; <a href=\"http:\/\/jaw-music.de\/?page_id=664\" class=\"more-link\"><span class=\"screen-reader-text\">&#8222;Two Hardts&#8220;<\/span> weiterlesen <span class=\"meta-nav\">&rarr;<\/span><\/a><\/p>\n","protected":false},"author":2,"featured_media":0,"parent":648,"menu_order":0,"comment_status":"closed","ping_status":"closed","template":"","meta":{"ngg_post_thumbnail":0},"_links":{"self":[{"href":"http:\/\/jaw-music.de\/index.php?rest_route=\/wp\/v2\/pages\/664"}],"collection":[{"href":"http:\/\/jaw-music.de\/index.php?rest_route=\/wp\/v2\/pages"}],"about":[{"href":"http:\/\/jaw-music.de\/index.php?rest_route=\/wp\/v2\/types\/page"}],"author":[{"embeddable":true,"href":"http:\/\/jaw-music.de\/index.php?rest_route=\/wp\/v2\/users\/2"}],"replies":[{"embeddable":true,"href":"http:\/\/jaw-music.de\/index.php?rest_route=%2Fwp%2Fv2%2Fcomments&post=664"}],"version-history":[{"count":29,"href":"http:\/\/jaw-music.de\/index.php?rest_route=\/wp\/v2\/pages\/664\/revisions"}],"predecessor-version":[{"id":878,"href":"http:\/\/jaw-music.de\/index.php?rest_route=\/wp\/v2\/pages\/664\/revisions\/878"}],"up":[{"embeddable":true,"href":"http:\/\/jaw-music.de\/index.php?rest_route=\/wp\/v2\/pages\/648"}],"wp:attachment":[{"href":"http:\/\/jaw-music.de\/index.php?rest_route=%2Fwp%2Fv2%2Fmedia&parent=664"}],"curies":[{"name":"wp","href":"https:\/\/api.w.org\/{rel}","templated":true}]}}