{"id":708,"date":"2021-09-27T18:46:37","date_gmt":"2021-09-27T16:46:37","guid":{"rendered":"http:\/\/jaw-music.de\/?page_id=708"},"modified":"2021-09-30T15:21:35","modified_gmt":"2021-09-30T13:21:35","slug":"j-a-w-latin-goes-pop","status":"publish","type":"page","link":"http:\/\/jaw-music.de\/?page_id=708","title":{"rendered":"&#8222;J.A.W.&#8220; &#8211; latin goes pop"},"content":{"rendered":"\n<p>Popmusik in lateinischer Sprache? &#8211; Was wie eine verr\u00fcckte Idee klingt, entsprang Josies erfolgreicher Teilnahme am <a href=\"https:\/\/www.dav-nord.de\/wettbewerbe\/certamen-cimbricum\" data-type=\"URL\" data-id=\"https:\/\/www.dav-nord.de\/wettbewerbe\/certamen-cimbricum\">Certamen Cimbricum<\/a>, einem altsprachlichen Wettbewerb in Schleswig-Holstein, im Schuljahr 2008\/2009, in dessen zweiter, handlungs- und produktorientierter Runde sie das damalige Wettbewerbsthema als selbstgetextete und -komponierte Klavierballade <a href=\"http:\/\/jaw-music.de\/?page_id=46#\" data-type=\"URL\" data-id=\"http:\/\/jaw-music.de\/?page_id=46#\">&#8222;Turpis sors&#8220;<\/a> umsetzte, die auf der Geschichte von Pyramus und Thisbe aus den weltber\u00fchmten &#8222;Metamorphosen&#8220; des r\u00f6mischen Dichters Ovid basiert. Der Song gewann den ersten Preis und f\u00fchrte zur Gr\u00fcndung von &#8222;J.A.W.&#8220;, einer Jugendband, die zun\u00e4chst nur aus den Geschwistern Josie und Aaron Wickers bestand, deren Initialen auch den Bandnamen ergaben. <\/p>\n\n\n\n<figure class=\"wp-block-image size-large\"><a href=\"http:\/\/jaw-music.de\/wp-content\/uploads\/2021\/09\/DSC_0936-scaled.jpg\"><img loading=\"lazy\" width=\"1024\" height=\"681\" src=\"http:\/\/jaw-music.de\/wp-content\/uploads\/2021\/09\/DSC_0936-1024x681.jpg\" alt=\"\" class=\"wp-image-654\" srcset=\"http:\/\/jaw-music.de\/wp-content\/uploads\/2021\/09\/DSC_0936-1024x681.jpg 1024w, http:\/\/jaw-music.de\/wp-content\/uploads\/2021\/09\/DSC_0936-300x199.jpg 300w, http:\/\/jaw-music.de\/wp-content\/uploads\/2021\/09\/DSC_0936-768x511.jpg 768w, http:\/\/jaw-music.de\/wp-content\/uploads\/2021\/09\/DSC_0936-1536x1021.jpg 1536w, http:\/\/jaw-music.de\/wp-content\/uploads\/2021\/09\/DSC_0936-2048x1362.jpg 2048w\" sizes=\"(max-width: 1024px) 100vw, 1024px\" \/><\/a><\/figure>\n\n\n\n<p>Es entstanden rasch weitere Songs, die das erste Album <a href=\"http:\/\/jaw-music.de\/?page_id=46\" data-type=\"URL\" data-id=\"http:\/\/jaw-music.de\/?page_id=46\">&#8222;Fortis es!&#8220; <\/a>bildeten und 2011 im Tonstudio <a href=\"http:\/\/www.kay-studio.de\" data-type=\"URL\" data-id=\"http:\/\/www.kay-studio.de\">Kay Hagge<\/a> aufgenommen werden konnten.<\/p>\n\n\n\n<p>Ungef\u00e4hr ein Jahr sp\u00e4ter stie\u00df <a href=\"http:\/\/jaw-music.de\/?page_id=50\" data-type=\"URL\" data-id=\"http:\/\/jaw-music.de\/?page_id=50\">Hauke Struck<\/a> als Gitarrist dazu, mit dessen Unterst\u00fctzung &#8222;J.A.W.&#8220; ihr zweites Album <a href=\"http:\/\/jaw-music.de\/?page_id=48\" data-type=\"URL\" data-id=\"http:\/\/jaw-music.de\/?page_id=48\">&#8222;Carpe diem!&#8220;<\/a> produzierten und mehrere Live-Auftritte mit ihren Lateinsongs spielen durften.<\/p>\n\n\n\n<figure class=\"wp-block-image size-large\"><a href=\"http:\/\/jaw-music.de\/wp-content\/uploads\/2015\/09\/cropped-IMG_3433.jpg\"><img loading=\"lazy\" width=\"1024\" height=\"634\" src=\"http:\/\/jaw-music.de\/wp-content\/uploads\/2015\/09\/cropped-IMG_3433-1024x634.jpg\" alt=\"\" class=\"wp-image-22\" srcset=\"http:\/\/jaw-music.de\/wp-content\/uploads\/2015\/09\/cropped-IMG_3433-1024x634.jpg 1024w, http:\/\/jaw-music.de\/wp-content\/uploads\/2015\/09\/cropped-IMG_3433-300x186.jpg 300w, http:\/\/jaw-music.de\/wp-content\/uploads\/2015\/09\/cropped-IMG_3433.jpg 1260w\" sizes=\"(max-width: 1024px) 100vw, 1024px\" \/><\/a><figcaption>&#8222;J.A.W.&#8220; feat. Hauke Struck im Juli 2014 im Hohen Arsenal in Rendsburg<\/figcaption><\/figure>\n\n\n\n<p>2012 pr\u00e4sentierten &#8222;J.A.W.&#8220; ihr besonderes Programm sogar auf der &#8222;Jungen B\u00fchne&#8220; der Kieler Woche. Hier geht&#8217;s zum <a href=\"https:\/\/www.youtube.com\/watch?v=hjhd9RPYexE&amp;t=879s\" data-type=\"URL\" data-id=\"https:\/\/www.youtube.com\/watch?v=hjhd9RPYexE&amp;t=879s\">Livemitschnitt<\/a>. <\/p>\n\n\n\n<figure class=\"wp-block-image size-large\"><a href=\"http:\/\/jaw-music.de\/wp-content\/uploads\/2021\/09\/IMG_4030.jpg\"><img loading=\"lazy\" width=\"1024\" height=\"768\" src=\"http:\/\/jaw-music.de\/wp-content\/uploads\/2021\/09\/IMG_4030-1024x768.jpg\" alt=\"\" class=\"wp-image-777\" srcset=\"http:\/\/jaw-music.de\/wp-content\/uploads\/2021\/09\/IMG_4030-1024x768.jpg 1024w, http:\/\/jaw-music.de\/wp-content\/uploads\/2021\/09\/IMG_4030-300x225.jpg 300w, http:\/\/jaw-music.de\/wp-content\/uploads\/2021\/09\/IMG_4030-768x576.jpg 768w, http:\/\/jaw-music.de\/wp-content\/uploads\/2021\/09\/IMG_4030-1536x1152.jpg 1536w, http:\/\/jaw-music.de\/wp-content\/uploads\/2021\/09\/IMG_4030.jpg 1600w\" sizes=\"(max-width: 1024px) 100vw, 1024px\" \/><\/a><figcaption>&#8222;J.A.W.&#8220; feat. Hauke Struck (Gitarre) &amp; Devin Heinrich (Bass)<\/figcaption><\/figure>\n","protected":false},"excerpt":{"rendered":"<p>Popmusik in lateinischer Sprache? &#8211; Was wie eine verr\u00fcckte Idee klingt, entsprang Josies erfolgreicher Teilnahme am Certamen Cimbricum, einem altsprachlichen Wettbewerb in Schleswig-Holstein, im Schuljahr 2008\/2009, in dessen zweiter, handlungs- und produktorientierter Runde sie das damalige Wettbewerbsthema als selbstgetextete und -komponierte Klavierballade &#8222;Turpis sors&#8220; umsetzte, die auf der Geschichte von Pyramus und Thisbe aus den &hellip; <a href=\"http:\/\/jaw-music.de\/?page_id=708\" class=\"more-link\"><span class=\"screen-reader-text\">&#8222;J.A.W.&#8220; &#8211; latin goes pop<\/span> weiterlesen <span class=\"meta-nav\">&rarr;<\/span><\/a><\/p>\n","protected":false},"author":2,"featured_media":0,"parent":648,"menu_order":0,"comment_status":"closed","ping_status":"closed","template":"","meta":{"ngg_post_thumbnail":0},"_links":{"self":[{"href":"http:\/\/jaw-music.de\/index.php?rest_route=\/wp\/v2\/pages\/708"}],"collection":[{"href":"http:\/\/jaw-music.de\/index.php?rest_route=\/wp\/v2\/pages"}],"about":[{"href":"http:\/\/jaw-music.de\/index.php?rest_route=\/wp\/v2\/types\/page"}],"author":[{"embeddable":true,"href":"http:\/\/jaw-music.de\/index.php?rest_route=\/wp\/v2\/users\/2"}],"replies":[{"embeddable":true,"href":"http:\/\/jaw-music.de\/index.php?rest_route=%2Fwp%2Fv2%2Fcomments&post=708"}],"version-history":[{"count":10,"href":"http:\/\/jaw-music.de\/index.php?rest_route=\/wp\/v2\/pages\/708\/revisions"}],"predecessor-version":[{"id":788,"href":"http:\/\/jaw-music.de\/index.php?rest_route=\/wp\/v2\/pages\/708\/revisions\/788"}],"up":[{"embeddable":true,"href":"http:\/\/jaw-music.de\/index.php?rest_route=\/wp\/v2\/pages\/648"}],"wp:attachment":[{"href":"http:\/\/jaw-music.de\/index.php?rest_route=%2Fwp%2Fv2%2Fmedia&parent=708"}],"curies":[{"name":"wp","href":"https:\/\/api.w.org\/{rel}","templated":true}]}}